{"id":23,"date":"2026-04-15T07:51:36","date_gmt":"2026-04-15T07:51:36","guid":{"rendered":"https:\/\/bm-rooms.com\/galerie\/"},"modified":"2026-04-16T06:39:11","modified_gmt":"2026-04-16T06:39:11","slug":"galerie","status":"publish","type":"page","link":"https:\/\/bm-rooms.com\/en\/galerie\/","title":{"rendered":"Gallery"},"content":{"rendered":"<div class=\"wp-block-group alignfull is-style-ext-preset--group--natural-1--section has-background-background-color has-background has-global-padding is-layout-constrained wp-container-core-group-is-layout-f72f1611 wp-block-group-is-layout-constrained\" id=\"galerie\" style=\"margin-top:0;margin-bottom:0;padding-top:var(--wp--preset--spacing--70);padding-bottom:var(--wp--preset--spacing--70)\">\n<div class=\"wp-block-group alignwide ext-is-logical-start ext-animate--on has-global-padding is-content-justification-left is-layout-constrained wp-container-core-group-is-layout-6729bdbe wp-block-group-is-layout-constrained\" id=\"6-Personen\">\n<h2 class=\"wp-block-heading ext-animate--on\">Accommodation for 6 workers<\/h2>\n\n\n\n<p class=\"has-text-align-left ext-animate--on\" style=\"margin-top:1.5rem\"><\/p>\n<\/div>\n\n\n\n<div class=\"wp-block-columns alignwide is-layout-flex wp-container-core-columns-is-layout-87beb0d0 wp-block-columns-is-layout-flex\">\n<div class=\"wp-block-column is-vertically-aligned-top ext-animate--on is-layout-flow wp-container-core-column-is-layout-f5bb311e wp-block-column-is-layout-flow\">\n<figure class=\"wp-block-image size-full is-style-ext-preset--image--natural-1--image-1--content-bottom is-style-ext-preset--image--natural-1--image-1--content-bottom--2\"><img loading=\"lazy\" decoding=\"async\" width=\"1920\" height=\"2560\" src=\"https:\/\/bm-rooms.com\/wp-content\/uploads\/2026\/04\/IMG_20260409_155607-scaled.jpg\" alt=\"\" class=\"wp-image-58\" style=\"aspect-ratio:1;object-fit:cover\" srcset=\"https:\/\/bm-rooms.com\/wp-content\/uploads\/2026\/04\/IMG_20260409_155607-scaled.jpg 1920w, https:\/\/bm-rooms.com\/wp-content\/uploads\/2026\/04\/IMG_20260409_155607-225x300.jpg 225w, https:\/\/bm-rooms.com\/wp-content\/uploads\/2026\/04\/IMG_20260409_155607-768x1024.jpg 768w, https:\/\/bm-rooms.com\/wp-content\/uploads\/2026\/04\/IMG_20260409_155607-1152x1536.jpg 1152w, https:\/\/bm-rooms.com\/wp-content\/uploads\/2026\/04\/IMG_20260409_155607-1536x2048.jpg 1536w, https:\/\/bm-rooms.com\/wp-content\/uploads\/2026\/04\/IMG_20260409_155607-9x12.jpg 9w\" sizes=\"auto, (max-width: 1920px) 100vw, 1920px\" \/><\/figure>\n\n\n\n<figure class=\"wp-block-image size-full is-style-ext-preset--image--natural-1--image-1--content-right is-style-ext-preset--image--natural-1--image-1--content-right--3\"><img loading=\"lazy\" decoding=\"async\" width=\"720\" height=\"540\" src=\"https:\/\/bm-rooms.com\/wp-content\/uploads\/2026\/04\/f95f7606-c2c0-4804-aa6c-57f75761d4e6.avif\" alt=\"\" class=\"wp-image-75\" style=\"object-fit:cover\" srcset=\"https:\/\/bm-rooms.com\/wp-content\/uploads\/2026\/04\/f95f7606-c2c0-4804-aa6c-57f75761d4e6.avif 720w, https:\/\/bm-rooms.com\/wp-content\/uploads\/2026\/04\/f95f7606-c2c0-4804-aa6c-57f75761d4e6-300x225.avif 300w, https:\/\/bm-rooms.com\/wp-content\/uploads\/2026\/04\/f95f7606-c2c0-4804-aa6c-57f75761d4e6-16x12.avif 16w\" sizes=\"auto, (max-width: 720px) 100vw, 720px\" \/><\/figure>\n<\/div>\n\n\n\n<div class=\"wp-block-column ext-animate--on is-layout-flow wp-block-column-is-layout-flow\">\n<figure class=\"wp-block-image size-full ext-animate--on\"><img loading=\"lazy\" decoding=\"async\" width=\"667\" height=\"500\" src=\"https:\/\/bm-rooms.com\/wp-content\/uploads\/2026\/04\/thumbnail.webp\" alt=\"\" class=\"wp-image-49\" srcset=\"https:\/\/bm-rooms.com\/wp-content\/uploads\/2026\/04\/thumbnail.webp 667w, https:\/\/bm-rooms.com\/wp-content\/uploads\/2026\/04\/thumbnail-300x225.webp 300w, https:\/\/bm-rooms.com\/wp-content\/uploads\/2026\/04\/thumbnail-16x12.webp 16w\" sizes=\"auto, (max-width: 667px) 100vw, 667px\" \/><\/figure>\n\n\n\n<figure class=\"wp-block-image size-full ext-animate--on\"><img loading=\"lazy\" decoding=\"async\" width=\"1920\" height=\"2560\" src=\"https:\/\/bm-rooms.com\/wp-content\/uploads\/2026\/04\/IMG_20260409_155622-scaled.jpg\" alt=\"\" class=\"wp-image-52\" srcset=\"https:\/\/bm-rooms.com\/wp-content\/uploads\/2026\/04\/IMG_20260409_155622-scaled.jpg 1920w, https:\/\/bm-rooms.com\/wp-content\/uploads\/2026\/04\/IMG_20260409_155622-225x300.jpg 225w, https:\/\/bm-rooms.com\/wp-content\/uploads\/2026\/04\/IMG_20260409_155622-768x1024.jpg 768w, https:\/\/bm-rooms.com\/wp-content\/uploads\/2026\/04\/IMG_20260409_155622-1152x1536.jpg 1152w, https:\/\/bm-rooms.com\/wp-content\/uploads\/2026\/04\/IMG_20260409_155622-1536x2048.jpg 1536w, https:\/\/bm-rooms.com\/wp-content\/uploads\/2026\/04\/IMG_20260409_155622-9x12.jpg 9w\" sizes=\"auto, (max-width: 1920px) 100vw, 1920px\" \/><\/figure>\n<\/div>\n\n\n\n<div class=\"wp-block-column is-vertically-aligned-top ext-animate--on is-layout-flow wp-container-core-column-is-layout-f5bb311e wp-block-column-is-layout-flow\">\n<figure class=\"wp-block-image size-large is-style-ext-preset--image--natural-1--image-1--content-left is-style-ext-preset--image--natural-1--image-1--content-left--4\"><img loading=\"lazy\" decoding=\"async\" width=\"768\" height=\"1024\" src=\"https:\/\/bm-rooms.com\/wp-content\/uploads\/2026\/04\/IMG_20260409_154348-768x1024.jpg\" alt=\"\" class=\"wp-image-54\" style=\"aspect-ratio:4\/3;object-fit:cover\" srcset=\"https:\/\/bm-rooms.com\/wp-content\/uploads\/2026\/04\/IMG_20260409_154348-768x1024.jpg 768w, https:\/\/bm-rooms.com\/wp-content\/uploads\/2026\/04\/IMG_20260409_154348-225x300.jpg 225w, https:\/\/bm-rooms.com\/wp-content\/uploads\/2026\/04\/IMG_20260409_154348-1152x1536.jpg 1152w, https:\/\/bm-rooms.com\/wp-content\/uploads\/2026\/04\/IMG_20260409_154348-1536x2048.jpg 1536w, https:\/\/bm-rooms.com\/wp-content\/uploads\/2026\/04\/IMG_20260409_154348-9x12.jpg 9w, https:\/\/bm-rooms.com\/wp-content\/uploads\/2026\/04\/IMG_20260409_154348-scaled.jpg 1920w\" sizes=\"auto, (max-width: 768px) 100vw, 768px\" \/><\/figure>\n\n\n\n<figure class=\"wp-block-image size-large is-style-ext-preset--image--natural-1--image-1--content-left is-style-ext-preset--image--natural-1--image-1--content-left--5\"><img loading=\"lazy\" decoding=\"async\" width=\"1024\" height=\"768\" src=\"https:\/\/bm-rooms.com\/wp-content\/uploads\/2026\/04\/IMG_20260409_154358-1024x768.jpg\" alt=\"\" class=\"wp-image-55\" style=\"aspect-ratio:1;object-fit:cover\" srcset=\"https:\/\/bm-rooms.com\/wp-content\/uploads\/2026\/04\/IMG_20260409_154358-1024x768.jpg 1024w, https:\/\/bm-rooms.com\/wp-content\/uploads\/2026\/04\/IMG_20260409_154358-300x225.jpg 300w, https:\/\/bm-rooms.com\/wp-content\/uploads\/2026\/04\/IMG_20260409_154358-768x576.jpg 768w, https:\/\/bm-rooms.com\/wp-content\/uploads\/2026\/04\/IMG_20260409_154358-1536x1152.jpg 1536w, https:\/\/bm-rooms.com\/wp-content\/uploads\/2026\/04\/IMG_20260409_154358-2048x1536.jpg 2048w, https:\/\/bm-rooms.com\/wp-content\/uploads\/2026\/04\/IMG_20260409_154358-16x12.jpg 16w\" sizes=\"auto, (max-width: 1024px) 100vw, 1024px\" \/><\/figure>\n<\/div>\n<\/div>\n<\/div>\n\n\n\n<div class=\"wp-block-group alignfull is-style-ext-preset--group--natural-1--section ext-animate--on has-tertiary-background-color has-background has-global-padding is-layout-constrained wp-container-core-group-is-layout-f72f1611 wp-block-group-is-layout-constrained\" id=\"galerie\" style=\"margin-top:0;margin-bottom:0;padding-top:var(--wp--preset--spacing--70);padding-bottom:var(--wp--preset--spacing--70)\">\n<div class=\"wp-block-group alignwide ext-is-logical-start ext-animate--on has-global-padding is-content-justification-left is-layout-constrained wp-container-core-group-is-layout-6729bdbe wp-block-group-is-layout-constrained\" id=\"3-Personen\">\n<h2 class=\"wp-block-heading ext-animate--on\">Accommodation for 3 workers<\/h2>\n\n\n\n<p class=\"has-text-align-left ext-animate--on\" style=\"margin-top:1.5rem\"><\/p>\n<\/div>\n\n\n\n<div class=\"wp-block-columns alignwide ext-animate--on is-layout-flex wp-container-core-columns-is-layout-87beb0d0 wp-block-columns-is-layout-flex\">\n<div class=\"wp-block-column is-vertically-aligned-top ext-animate--on is-layout-flow wp-container-core-column-is-layout-f5bb311e wp-block-column-is-layout-flow\">\n<figure class=\"wp-block-image size-full is-style-ext-preset--image--natural-1--image-1--content-bottom ext-animate--on is-style-ext-preset--image--natural-1--image-1--content-bottom--7\"><img loading=\"lazy\" decoding=\"async\" width=\"1920\" height=\"2560\" src=\"https:\/\/bm-rooms.com\/wp-content\/uploads\/2026\/04\/IMG_20260409_153314-1-scaled.jpg\" alt=\"\" class=\"wp-image-59\" style=\"aspect-ratio:1;object-fit:cover\" srcset=\"https:\/\/bm-rooms.com\/wp-content\/uploads\/2026\/04\/IMG_20260409_153314-1-scaled.jpg 1920w, https:\/\/bm-rooms.com\/wp-content\/uploads\/2026\/04\/IMG_20260409_153314-1-225x300.jpg 225w, https:\/\/bm-rooms.com\/wp-content\/uploads\/2026\/04\/IMG_20260409_153314-1-768x1024.jpg 768w, https:\/\/bm-rooms.com\/wp-content\/uploads\/2026\/04\/IMG_20260409_153314-1-1152x1536.jpg 1152w, https:\/\/bm-rooms.com\/wp-content\/uploads\/2026\/04\/IMG_20260409_153314-1-1536x2048.jpg 1536w, https:\/\/bm-rooms.com\/wp-content\/uploads\/2026\/04\/IMG_20260409_153314-1-9x12.jpg 9w\" sizes=\"auto, (max-width: 1920px) 100vw, 1920px\" \/><\/figure>\n\n\n\n<figure class=\"wp-block-image size-full is-style-ext-preset--image--natural-1--image-1--content-right ext-animate--on is-style-ext-preset--image--natural-1--image-1--content-right--8\"><img loading=\"lazy\" decoding=\"async\" width=\"720\" height=\"960\" src=\"https:\/\/bm-rooms.com\/wp-content\/uploads\/2026\/04\/6b7b1460-b7a0-4ecd-81d7-d14589f0b1e5.avif\" alt=\"\" class=\"wp-image-62\" style=\"aspect-ratio:4\/3;object-fit:cover\" srcset=\"https:\/\/bm-rooms.com\/wp-content\/uploads\/2026\/04\/6b7b1460-b7a0-4ecd-81d7-d14589f0b1e5.avif 720w, https:\/\/bm-rooms.com\/wp-content\/uploads\/2026\/04\/6b7b1460-b7a0-4ecd-81d7-d14589f0b1e5-225x300.avif 225w, https:\/\/bm-rooms.com\/wp-content\/uploads\/2026\/04\/6b7b1460-b7a0-4ecd-81d7-d14589f0b1e5-9x12.avif 9w\" sizes=\"auto, (max-width: 720px) 100vw, 720px\" \/><\/figure>\n<\/div>\n\n\n\n<div class=\"wp-block-column is-vertically-aligned-top ext-animate--on is-layout-flow wp-container-core-column-is-layout-f5bb311e wp-block-column-is-layout-flow\">\n<figure class=\"wp-block-image size-full is-style-ext-preset--image--natural-1--image-1--content-left ext-animate--on is-style-ext-preset--image--natural-1--image-1--content-left--9\"><img loading=\"lazy\" decoding=\"async\" width=\"720\" height=\"540\" src=\"https:\/\/bm-rooms.com\/wp-content\/uploads\/2026\/04\/29d46a1d-d205-451c-8345-4a80178afb58.avif\" alt=\"\" class=\"wp-image-64\" style=\"aspect-ratio:4\/3;object-fit:cover\" srcset=\"https:\/\/bm-rooms.com\/wp-content\/uploads\/2026\/04\/29d46a1d-d205-451c-8345-4a80178afb58.avif 720w, https:\/\/bm-rooms.com\/wp-content\/uploads\/2026\/04\/29d46a1d-d205-451c-8345-4a80178afb58-300x225.avif 300w, https:\/\/bm-rooms.com\/wp-content\/uploads\/2026\/04\/29d46a1d-d205-451c-8345-4a80178afb58-16x12.avif 16w\" sizes=\"auto, (max-width: 720px) 100vw, 720px\" \/><\/figure>\n\n\n\n<figure class=\"wp-block-image size-large is-style-ext-preset--image--natural-1--image-1--content-left ext-animate--on is-style-ext-preset--image--natural-1--image-1--content-left--10\"><img loading=\"lazy\" decoding=\"async\" width=\"1024\" height=\"768\" src=\"https:\/\/bm-rooms.com\/wp-content\/uploads\/2026\/04\/f9984375-9afd-406e-aebe-a891150bf46a-1024x768.avif\" alt=\"\" class=\"wp-image-77\" style=\"aspect-ratio:1;object-fit:cover\" srcset=\"https:\/\/bm-rooms.com\/wp-content\/uploads\/2026\/04\/f9984375-9afd-406e-aebe-a891150bf46a-1024x768.avif 1024w, https:\/\/bm-rooms.com\/wp-content\/uploads\/2026\/04\/f9984375-9afd-406e-aebe-a891150bf46a-300x225.avif 300w, https:\/\/bm-rooms.com\/wp-content\/uploads\/2026\/04\/f9984375-9afd-406e-aebe-a891150bf46a-768x576.avif 768w, https:\/\/bm-rooms.com\/wp-content\/uploads\/2026\/04\/f9984375-9afd-406e-aebe-a891150bf46a-16x12.avif 16w, https:\/\/bm-rooms.com\/wp-content\/uploads\/2026\/04\/f9984375-9afd-406e-aebe-a891150bf46a.avif 1200w\" sizes=\"auto, (max-width: 1024px) 100vw, 1024px\" \/><\/figure>\n<\/div>\n<\/div>\n<\/div>\n\n\n\n<div class=\"wp-block-group alignfull is-style-ext-preset--group--natural-1--section ext-animate--on has-background-background-color has-background has-global-padding is-layout-constrained wp-container-core-group-is-layout-f72f1611 wp-block-group-is-layout-constrained\" id=\"galerie\" style=\"margin-top:0;margin-bottom:0;padding-top:var(--wp--preset--spacing--70);padding-bottom:var(--wp--preset--spacing--70)\">\n<div class=\"wp-block-group alignwide ext-is-logical-start ext-animate--on has-global-padding is-content-justification-left is-layout-constrained wp-container-core-group-is-layout-6729bdbe wp-block-group-is-layout-constrained\" id=\"2-Parsonen\">\n<h2 class=\"wp-block-heading ext-animate--on\">Two-bedroom flat for 2 people<\/h2>\n\n\n\n<p class=\"has-text-align-left ext-animate--on\" style=\"margin-top:1.5rem\"><\/p>\n<\/div>\n\n\n\n<div class=\"wp-block-columns alignwide ext-animate--on is-layout-flex wp-container-core-columns-is-layout-87beb0d0 wp-block-columns-is-layout-flex\">\n<div class=\"wp-block-column is-vertically-aligned-top ext-animate--on is-layout-flow wp-container-core-column-is-layout-f5bb311e wp-block-column-is-layout-flow\">\n<figure class=\"wp-block-image size-full is-style-ext-preset--image--natural-1--image-1--content-bottom ext-animate--on is-style-ext-preset--image--natural-1--image-1--content-bottom--12\"><img loading=\"lazy\" decoding=\"async\" width=\"720\" height=\"1280\" src=\"https:\/\/bm-rooms.com\/wp-content\/uploads\/2026\/04\/86ec40af-ff4b-4dd4-858b-d39ac06598a4.avif\" alt=\"\" class=\"wp-image-66\" style=\"aspect-ratio:1;object-fit:cover\" srcset=\"https:\/\/bm-rooms.com\/wp-content\/uploads\/2026\/04\/86ec40af-ff4b-4dd4-858b-d39ac06598a4.avif 720w, https:\/\/bm-rooms.com\/wp-content\/uploads\/2026\/04\/86ec40af-ff4b-4dd4-858b-d39ac06598a4-169x300.avif 169w, https:\/\/bm-rooms.com\/wp-content\/uploads\/2026\/04\/86ec40af-ff4b-4dd4-858b-d39ac06598a4-576x1024.avif 576w, https:\/\/bm-rooms.com\/wp-content\/uploads\/2026\/04\/86ec40af-ff4b-4dd4-858b-d39ac06598a4-7x12.avif 7w\" sizes=\"auto, (max-width: 720px) 100vw, 720px\" \/><\/figure>\n\n\n\n<figure class=\"wp-block-image size-full is-style-ext-preset--image--natural-1--image-1--content-right ext-animate--on is-style-ext-preset--image--natural-1--image-1--content-right--13\"><img loading=\"lazy\" decoding=\"async\" width=\"720\" height=\"540\" src=\"https:\/\/bm-rooms.com\/wp-content\/uploads\/2026\/04\/f019c0db-f591-48e1-82a0-230334e69462.avif\" alt=\"\" class=\"wp-image-74\" style=\"aspect-ratio:4\/3;object-fit:cover\" srcset=\"https:\/\/bm-rooms.com\/wp-content\/uploads\/2026\/04\/f019c0db-f591-48e1-82a0-230334e69462.avif 720w, https:\/\/bm-rooms.com\/wp-content\/uploads\/2026\/04\/f019c0db-f591-48e1-82a0-230334e69462-300x225.avif 300w, https:\/\/bm-rooms.com\/wp-content\/uploads\/2026\/04\/f019c0db-f591-48e1-82a0-230334e69462-16x12.avif 16w\" sizes=\"auto, (max-width: 720px) 100vw, 720px\" \/><\/figure>\n<\/div>\n\n\n\n<div class=\"wp-block-column is-vertically-aligned-top ext-animate--on is-layout-flow wp-container-core-column-is-layout-f5bb311e wp-block-column-is-layout-flow\">\n<figure class=\"wp-block-image size-full is-style-ext-preset--image--natural-1--image-1--content-left ext-animate--on is-style-ext-preset--image--natural-1--image-1--content-left--14\"><img loading=\"lazy\" decoding=\"async\" width=\"720\" height=\"540\" src=\"https:\/\/bm-rooms.com\/wp-content\/uploads\/2026\/04\/fccdfa26-393f-49da-b8f1-de74961748bb.avif\" alt=\"\" class=\"wp-image-78\" style=\"aspect-ratio:4\/3;object-fit:cover\" srcset=\"https:\/\/bm-rooms.com\/wp-content\/uploads\/2026\/04\/fccdfa26-393f-49da-b8f1-de74961748bb.avif 720w, https:\/\/bm-rooms.com\/wp-content\/uploads\/2026\/04\/fccdfa26-393f-49da-b8f1-de74961748bb-300x225.avif 300w, https:\/\/bm-rooms.com\/wp-content\/uploads\/2026\/04\/fccdfa26-393f-49da-b8f1-de74961748bb-16x12.avif 16w\" sizes=\"auto, (max-width: 720px) 100vw, 720px\" \/><\/figure>\n\n\n\n<figure class=\"wp-block-image size-full is-style-ext-preset--image--natural-1--image-1--content-left ext-animate--on is-style-ext-preset--image--natural-1--image-1--content-left--15\"><img loading=\"lazy\" decoding=\"async\" width=\"720\" height=\"540\" src=\"https:\/\/bm-rooms.com\/wp-content\/uploads\/2026\/04\/385b7c64-7248-423f-8f33-a678a506b36c-1.avif\" alt=\"\" class=\"wp-image-67\" style=\"aspect-ratio:1;object-fit:cover\" srcset=\"https:\/\/bm-rooms.com\/wp-content\/uploads\/2026\/04\/385b7c64-7248-423f-8f33-a678a506b36c-1.avif 720w, https:\/\/bm-rooms.com\/wp-content\/uploads\/2026\/04\/385b7c64-7248-423f-8f33-a678a506b36c-1-300x225.avif 300w, https:\/\/bm-rooms.com\/wp-content\/uploads\/2026\/04\/385b7c64-7248-423f-8f33-a678a506b36c-1-16x12.avif 16w\" sizes=\"auto, (max-width: 720px) 100vw, 720px\" \/><\/figure>\n<\/div>\n<\/div>\n<\/div>","protected":false},"excerpt":{"rendered":"<p>Monteurwohnung f\u00fcr 6 Personen Monteurwohnung f\u00fcr 3 Personen Monteurwohnung f\u00fcr 2 Personen<\/p>","protected":false},"author":1,"featured_media":0,"parent":0,"menu_order":0,"comment_status":"closed","ping_status":"closed","template":"page-with-title","meta":{"footnotes":""},"class_list":["post-23","page","type-page","status-publish","hentry"],"_links":{"self":[{"href":"https:\/\/bm-rooms.com\/en\/wp-json\/wp\/v2\/pages\/23","targetHints":{"allow":["GET"]}}],"collection":[{"href":"https:\/\/bm-rooms.com\/en\/wp-json\/wp\/v2\/pages"}],"about":[{"href":"https:\/\/bm-rooms.com\/en\/wp-json\/wp\/v2\/types\/page"}],"author":[{"embeddable":true,"href":"https:\/\/bm-rooms.com\/en\/wp-json\/wp\/v2\/users\/1"}],"replies":[{"embeddable":true,"href":"https:\/\/bm-rooms.com\/en\/wp-json\/wp\/v2\/comments?post=23"}],"version-history":[{"count":3,"href":"https:\/\/bm-rooms.com\/en\/wp-json\/wp\/v2\/pages\/23\/revisions"}],"predecessor-version":[{"id":103,"href":"https:\/\/bm-rooms.com\/en\/wp-json\/wp\/v2\/pages\/23\/revisions\/103"}],"wp:attachment":[{"href":"https:\/\/bm-rooms.com\/en\/wp-json\/wp\/v2\/media?parent=23"}],"curies":[{"name":"wp","href":"https:\/\/api.w.org\/{rel}","templated":true}]}}